{"id":16,"date":"2024-01-24T22:03:17","date_gmt":"2024-01-24T21:03:17","guid":{"rendered":"https:\/\/drlazimy-gynecologue.fr\/?page_id=16"},"modified":"2024-03-29T16:17:04","modified_gmt":"2024-03-29T15:17:04","slug":"venir-au-cabinet","status":"publish","type":"page","link":"https:\/\/drlazimy-gynecologue.fr\/index.php\/venir-au-cabinet\/","title":{"rendered":"Renseignements pratiques"},"content":{"rendered":"\n<div class=\"wp-block-columns is-layout-flex wp-container-core-columns-is-layout-9d6595d7 wp-block-columns-is-layout-flex\">\n<div class=\"wp-block-column is-layout-flow wp-block-column-is-layout-flow\">\n<p class=\"has-text-align-center boite has-medium-font-size\"><strong>Prise de Rendez-Vous<br><\/strong>Par t\u00e9l\u00e9phone 01.46.04.11.60<br>ou par <a href=\"https:\/\/www.doctolib.fr\/gynecologue-obstetricien\/boulogne-billancourt\/yael-lazimy\" data-type=\"link\" data-id=\"https:\/\/www.doctolib.fr\/gynecologue-obstetricien\/boulogne-billancourt\/yael-lazimy\" target=\"_blank\" rel=\"noreferrer noopener\">DOCTOLIB<\/a><\/p>\n\n\n\n<div class=\"wp-block-columns is-layout-flex wp-container-core-columns-is-layout-9d6595d7 wp-block-columns-is-layout-flex\">\n<div class=\"wp-block-column is-layout-flow wp-block-column-is-layout-flow\">\n<p class=\"has-text-align-center boite has-medium-font-size\"><strong>Acc\u00e8s<\/strong><br>M\u00e9tro ligne 9 : Marcel Sembat<br>M\u00e9tro ligne 10 : Boulogne Jean Jaur\u00e8s<\/p>\n<\/div>\n<\/div>\n<\/div>\n\n\n\n<div class=\"wp-block-column is-layout-flow wp-block-column-is-layout-flow\">\n<p class=\"has-text-align-center boite has-medium-font-size\"><strong>Adresse<br><\/strong><a href=\"https:\/\/www.google.com\/maps\/place\/\/data=!4m2!3m1!1s0x47e67ae7a393a1d9:0xdba661243f4e4db3?sa=X&amp;ved=1t:8290&amp;ictx=111\" data-type=\"link\" data-id=\"https:\/\/www.google.com\/maps\/place\/\/data=!4m2!3m1!1s0x47e67ae7a393a1d9:0xdba661243f4e4db3?sa=X&amp;ved=1t:8290&amp;ictx=111\" target=\"_blank\" rel=\"noreferrer noopener\">110, rue Gallieni<br>92100 Boulogne-Billancourt<\/a><\/p>\n\n\n\n<div class=\"wp-block-columns is-layout-flex wp-container-core-columns-is-layout-9d6595d7 wp-block-columns-is-layout-flex\">\n<div class=\"wp-block-column is-layout-flow wp-block-column-is-layout-flow\">\n<p class=\"has-text-align-center boite has-medium-font-size\"><strong>Accessibilit\u00e9<\/strong><br>1er \u00e9tage avec ascenseur<br>Acc\u00e8s PMR<\/p>\n<\/div>\n<\/div>\n<\/div>\n<\/div>\n\n\n\t\t<div id=\"wpmapblock_c61540eb\" data-settings='{&quot;map_marker&quot;:[{&quot;lat&quot;:&quot;48.8367093&quot;,&quot;lng&quot;:&quot;2.2398176&quot;,&quot;title&quot;:&quot;Cabinet Dr Yael Lazimy&quot;,&quot;content&quot;:&quot;110, rue Gallieni\\n92100 Boulogne-Billancourt\\n1er \\u00e9tage&quot;,&quot;iconType&quot;:&quot;default&quot;,&quot;customIconUrl&quot;:&quot;&quot;,&quot;customIconWidth&quot;:&quot;25&quot;,&quot;customIconHeight&quot;:&quot;40&quot;}],&quot;map_zoom&quot;:&quot;14&quot;,&quot;scroll_wheel_zoom&quot;:&quot;1&quot;,&quot;map_type&quot;:&quot;GM&quot;,&quot;center_index&quot;:0}' class=\"wpmapblockrender\" style=\"\n\t\t\twidth: 100%;\n\t\t\theight: 500px;\n\t\t\"><\/div>\n        \n\n\n<p> <\/p>\n","protected":false},"excerpt":{"rendered":"<p>Prise de Rendez-VousPar t\u00e9l\u00e9phone 01.46.04.11.60ou par DOCTOLIB Acc\u00e8sM\u00e9tro ligne 9 : Marcel SembatM\u00e9tro ligne 10 : Boulogne Jean Jaur\u00e8s Adresse110, rue Gallieni92100 Boulogne-Billancourt Accessibilit\u00e91er \u00e9tage avec ascenseurAcc\u00e8s PMR<\/p>\n","protected":false},"author":1,"featured_media":0,"parent":0,"menu_order":0,"comment_status":"closed","ping_status":"closed","template":"","meta":{"footnotes":""},"class_list":["post-16","page","type-page","status-publish","hentry"],"_links":{"self":[{"href":"https:\/\/drlazimy-gynecologue.fr\/index.php\/wp-json\/wp\/v2\/pages\/16","targetHints":{"allow":["GET"]}}],"collection":[{"href":"https:\/\/drlazimy-gynecologue.fr\/index.php\/wp-json\/wp\/v2\/pages"}],"about":[{"href":"https:\/\/drlazimy-gynecologue.fr\/index.php\/wp-json\/wp\/v2\/types\/page"}],"author":[{"embeddable":true,"href":"https:\/\/drlazimy-gynecologue.fr\/index.php\/wp-json\/wp\/v2\/users\/1"}],"replies":[{"embeddable":true,"href":"https:\/\/drlazimy-gynecologue.fr\/index.php\/wp-json\/wp\/v2\/comments?post=16"}],"version-history":[{"count":9,"href":"https:\/\/drlazimy-gynecologue.fr\/index.php\/wp-json\/wp\/v2\/pages\/16\/revisions"}],"predecessor-version":[{"id":51,"href":"https:\/\/drlazimy-gynecologue.fr\/index.php\/wp-json\/wp\/v2\/pages\/16\/revisions\/51"}],"wp:attachment":[{"href":"https:\/\/drlazimy-gynecologue.fr\/index.php\/wp-json\/wp\/v2\/media?parent=16"}],"curies":[{"name":"wp","href":"https:\/\/api.w.org\/{rel}","templated":true}]}}